{"id":3698,"date":"2021-07-04T17:19:29","date_gmt":"2021-07-04T13:19:29","guid":{"rendered":"https:\/\/fixytrade.com\/?page_id=3698"},"modified":"2022-06-03T19:56:04","modified_gmt":"2022-06-03T15:56:04","slug":"blog","status":"publish","type":"page","link":"https:\/\/fixytrade.com\/fr\/blog\/","title":{"rendered":"Blog"},"content":{"rendered":"<p>[et_pb_section fb_built=\u00a0\u00bb1&Prime; custom_padding_last_edited=\u00a0\u00bbon|tablet\u00a0\u00bb admin_label=\u00a0\u00bbLanding Hero\u00a0\u00bb _builder_version=\u00a0\u00bb4.17.3&Prime; background_enable_color=\u00a0\u00bboff\u00a0\u00bb use_background_color_gradient=\u00a0\u00bbon\u00a0\u00bb background_color_gradient_stops=\u00a0\u00bb#eaeffa 0%|#ffffff 100%\u00a0\u00bb background_image=\u00a0\u00bbhttps:\/\/fixytrade.com\/wp-content\/uploads\/2022\/04\/brush-large.png\u00a0\u00bb background_position=\u00a0\u00bbcenter_right\u00a0\u00bb custom_margin=\u00a0\u00bb||||false|false\u00a0\u00bb custom_margin_tablet=\u00a0\u00bb0px|||\u00a0\u00bb custom_margin_phone=\u00a0\u00bb0px|||\u00a0\u00bb custom_margin_last_edited=\u00a0\u00bbon|phone\u00a0\u00bb custom_padding=\u00a0\u00bb30px||30px||false|false\u00a0\u00bb custom_padding_tablet=\u00a0\u00bb70px|40px|30px|40px|false|false\u00a0\u00bb custom_padding_phone=\u00a0\u00bb40px||0px||false|false\u00a0\u00bb bottom_divider_color=\u00a0\u00bb#ffffff\u00a0\u00bb bottom_divider_height=\u00a0\u00bb30px\u00a0\u00bb animation_direction=\u00a0\u00bbbottom\u00a0\u00bb da_disable_devices=\u00a0\u00bboff|off|off\u00a0\u00bb locked=\u00a0\u00bboff\u00a0\u00bb global_colors_info=\u00a0\u00bb{}\u00a0\u00bb da_is_popup=\u00a0\u00bboff\u00a0\u00bb da_exit_intent=\u00a0\u00bboff\u00a0\u00bb da_has_close=\u00a0\u00bbon\u00a0\u00bb da_alt_close=\u00a0\u00bboff\u00a0\u00bb da_dark_close=\u00a0\u00bboff\u00a0\u00bb da_not_modal=\u00a0\u00bbon\u00a0\u00bb da_is_singular=\u00a0\u00bboff\u00a0\u00bb da_with_loader=\u00a0\u00bboff\u00a0\u00bb da_has_shadow=\u00a0\u00bbon\u00a0\u00bb][et_pb_row use_custom_gutter=\u00a0\u00bbon\u00a0\u00bb gutter_width=\u00a0\u00bb2&Prime; module_class=\u00a0\u00bbpa-inline-buttons\u00a0\u00bb _builder_version=\u00a0\u00bb4.17.3&Prime; width=\u00a0\u00bb76%\u00a0\u00bb width_tablet=\u00a0\u00bb\u00a0\u00bb width_phone=\u00a0\u00bb95%\u00a0\u00bb width_last_edited=\u00a0\u00bbon|phone\u00a0\u00bb max_width=\u00a0\u00bb1200px\u00a0\u00bb custom_padding=\u00a0\u00bb||50px||false|false\u00a0\u00bb hover_enabled=\u00a0\u00bb0&Prime; custom_width_px=\u00a0\u00bb1280px\u00a0\u00bb global_colors_info=\u00a0\u00bb{}\u00a0\u00bb custom_padding_last_edited=\u00a0\u00bbon|desktop\u00a0\u00bb custom_padding_phone=\u00a0\u00bb||0px||false|false\u00a0\u00bb sticky_enabled=\u00a0\u00bb0&Prime; custom_padding_tablet=\u00a0\u00bb||0px||false|false\u00a0\u00bb][et_pb_column type=\u00a0\u00bb4_4&Prime; _builder_version=\u00a0\u00bb4.17.3&Prime; custom_padding=\u00a0\u00bb50px||||false|false\u00a0\u00bb custom_padding_tablet=\u00a0\u00bb0%||||false|false\u00a0\u00bb custom_padding_phone=\u00a0\u00bb0%||||false|false\u00a0\u00bb custom_padding_last_edited=\u00a0\u00bbon|phone\u00a0\u00bb global_colors_info=\u00a0\u00bb{}\u00a0\u00bb custom_padding__hover=\u00a0\u00bb|||\u00a0\u00bb][et_pb_text _builder_version=\u00a0\u00bb4.17.3&Prime; header_font=\u00a0\u00bbSF-Pro-Text-Heavy|700|||||||\u00a0\u00bb header_text_color=\u00a0\u00bb#161c2d\u00a0\u00bb header_font_size=\u00a0\u00bb48px\u00a0\u00bb header_line_height=\u00a0\u00bb55px\u00a0\u00bb text_orientation=\u00a0\u00bbcenter\u00a0\u00bb background_layout=\u00a0\u00bbdark\u00a0\u00bb custom_margin=\u00a0\u00bb0px||0px||false|false\u00a0\u00bb custom_margin_tablet=\u00a0\u00bb||||false|false\u00a0\u00bb custom_margin_phone=\u00a0\u00bb||10px||false|false\u00a0\u00bb custom_margin_last_edited=\u00a0\u00bbon|phone\u00a0\u00bb custom_padding=\u00a0\u00bb0px||0px||false|false\u00a0\u00bb header_text_align_tablet=\u00a0\u00bb\u00a0\u00bb header_text_align_phone=\u00a0\u00bbcenter\u00a0\u00bb header_text_align_last_edited=\u00a0\u00bbon|phone\u00a0\u00bb header_font_size_tablet=\u00a0\u00bb36px\u00a0\u00bb header_font_size_phone=\u00a0\u00bb28px\u00a0\u00bb header_font_size_last_edited=\u00a0\u00bbon|phone\u00a0\u00bb locked=\u00a0\u00bboff\u00a0\u00bb global_colors_info=\u00a0\u00bb{}\u00a0\u00bb]<\/p>\n<h1>Blog<\/h1>\n<p>[\/et_pb_text][et_pb_text _builder_version=\u00a0\u00bb4.17.3&Prime; text_font=\u00a0\u00bbSF pro text Regular||||||||\u00a0\u00bb text_text_color=\u00a0\u00bb#506690&Prime; text_font_size=\u00a0\u00bb21px\u00a0\u00bb text_line_height=\u00a0\u00bb30px\u00a0\u00bb text_orientation=\u00a0\u00bbcenter\u00a0\u00bb width=\u00a0\u00bb60%\u00a0\u00bb width_tablet=\u00a0\u00bb\u00a0\u00bb width_phone=\u00a0\u00bb\u00a0\u00bb width_last_edited=\u00a0\u00bbon|phone\u00a0\u00bb module_alignment=\u00a0\u00bbcenter\u00a0\u00bb text_font_size_tablet=\u00a0\u00bb21px\u00a0\u00bb text_font_size_phone=\u00a0\u00bb17px\u00a0\u00bb text_font_size_last_edited=\u00a0\u00bbon|phone\u00a0\u00bb locked=\u00a0\u00bboff\u00a0\u00bb global_colors_info=\u00a0\u00bb{}\u00a0\u00bb]<\/p>\n<p><span>Obtenez des astuces et des conseils pour am\u00e9liorer vos performances et garantir votre succ\u00e8s sur les march\u00e9s financiers.<\/span><\/p>\n<p>[\/et_pb_text][et_pb_code _builder_version=\u00a0\u00bb4.16&Prime; _module_preset=\u00a0\u00bbdefault\u00a0\u00bb locked=\u00a0\u00bboff\u00a0\u00bb global_colors_info=\u00a0\u00bb{}\u00a0\u00bb]<\/p>\n<style><!-- [et_pb_line_break_holder] -->[id*=\"faq-item\"] {<!-- [et_pb_line_break_holder] -->cursor: pointer; <!-- [et_pb_line_break_holder] -->}<!-- [et_pb_line_break_holder] --><!-- [et_pb_line_break_holder] -->[id*=\"faq-tab\"]{  <!-- [et_pb_line_break_holder] -->position: absolute!important;<!-- [et_pb_line_break_holder] -->top: 0px;<!-- [et_pb_line_break_holder] -->bottom: auto;<!-- [et_pb_line_break_holder] -->left: 50%;<!-- [et_pb_line_break_holder] -->right: auto;<!-- [et_pb_line_break_holder] -->transform: translateX(-50%);<!-- [et_pb_line_break_holder] -->}<!-- [et_pb_line_break_holder] --><!-- [et_pb_line_break_holder] --><!-- [et_pb_line_break_holder] -->.active-faq-item {<!-- [et_pb_line_break_holder] -->color: green !important;<!-- [et_pb_line_break_holder] -->background-color: #fff;<!-- [et_pb_line_break_holder] -->}<!-- [et_pb_line_break_holder] --><!-- [et_pb_line_break_holder] -->.hide-faq-tab{  <!-- [et_pb_line_break_holder] -->visiblity: hidden;<!-- [et_pb_line_break_holder] -->opacity: 0;  <!-- [et_pb_line_break_holder] -->}<!-- [et_pb_line_break_holder] --><!-- [et_pb_line_break_holder] -->.show-faq-tab{<!-- [et_pb_line_break_holder] -->visibility: visible !important;<!-- [et_pb_line_break_holder] -->opacity: 1 !important;<!-- [et_pb_line_break_holder] -->z-index: 12;<!-- [et_pb_line_break_holder] -->  <!-- [et_pb_line_break_holder] -->position: relative !important;<!-- [et_pb_line_break_holder] -->left: 0 !important;<!-- [et_pb_line_break_holder] -->transform: translateX(0%) !important;<!-- [et_pb_line_break_holder] -->}<!-- [et_pb_line_break_holder] -->  <!-- [et_pb_line_break_holder] -->.faq-item-active {<!-- [et_pb_line_break_holder] -->color: #4C6EF5 !important;<!-- [et_pb_line_break_holder] -->}<!-- [et_pb_line_break_holder] --><!-- [et_pb_line_break_holder] -->.faq-item-active h3{<!-- [et_pb_line_break_holder] -->color: #fff !important;<!-- [et_pb_line_break_holder] -->}<!-- [et_pb_line_break_holder] --><\/style>\n<p><!-- [et_pb_line_break_holder] --><!-- [et_pb_line_break_holder] --><script><!-- [et_pb_line_break_holder] -->jQuery(document).ready(function($){<!-- [et_pb_line_break_holder] --><!-- [et_pb_line_break_holder] -->$('#faq-item-1').addClass('faq-item-active');<!-- [et_pb_line_break_holder] -->$('#faq-tab-1').addClass('show-faq-tab');<!-- [et_pb_line_break_holder] -->$('[id*=\"faq-tab\"]').not('#faq-tab-1').addClass('hide-faq-tab');<!-- [et_pb_line_break_holder] --> <!-- [et_pb_line_break_holder] -->$('[id*=\"faq-item\"]').click(function() {<!-- [et_pb_line_break_holder] --> <!-- [et_pb_line_break_holder] -->var selector = $(this).attr('id').replace('item', 'tab');<!-- [et_pb_line_break_holder] -->var $faqSelect  = $('#' + selector);<!-- [et_pb_line_break_holder] --><!-- [et_pb_line_break_holder] -->$('[id*=\"faq-tab\"]').removeClass('show-faq-tab');<!-- [et_pb_line_break_holder] -->$('[id*=\"faq-tab\"]').addClass('hide-faq-tab');<!-- [et_pb_line_break_holder] -->$faqSelect.addClass('show-faq-tab');<!-- [et_pb_line_break_holder] --> <!-- [et_pb_line_break_holder] -->$('[id*=\"faq-item\"]').removeClass('faq-item-active');<!-- [et_pb_line_break_holder] -->$(this).addClass('faq-item-active');<!-- [et_pb_line_break_holder] -->   <!-- [et_pb_line_break_holder] -->});<!-- [et_pb_line_break_holder] -->});<!-- [et_pb_line_break_holder] --><\/script>[\/et_pb_code][\/et_pb_column][\/et_pb_row][\/et_pb_section][et_pb_section fb_built=\u00a0\u00bb1&Prime; custom_padding_last_edited=\u00a0\u00bbon|tablet\u00a0\u00bb _builder_version=\u00a0\u00bb4.17.3&Prime; _module_preset=\u00a0\u00bbdefault\u00a0\u00bb background_color=\u00a0\u00bb#FFFFFF\u00a0\u00bb custom_margin=\u00a0\u00bb||100px||false|false\u00a0\u00bb custom_padding=\u00a0\u00bb4px||4px||true|false\u00a0\u00bb custom_padding_tablet=\u00a0\u00bb100px||100px||true|false\u00a0\u00bb custom_padding_phone=\u00a0\u00bb50px||50px||true|false\u00a0\u00bb da_disable_devices=\u00a0\u00bboff|off|off\u00a0\u00bb locked=\u00a0\u00bboff\u00a0\u00bb global_colors_info=\u00a0\u00bb{}\u00a0\u00bb da_is_popup=\u00a0\u00bboff\u00a0\u00bb da_exit_intent=\u00a0\u00bboff\u00a0\u00bb da_has_close=\u00a0\u00bbon\u00a0\u00bb da_alt_close=\u00a0\u00bboff\u00a0\u00bb da_dark_close=\u00a0\u00bboff\u00a0\u00bb da_not_modal=\u00a0\u00bbon\u00a0\u00bb da_is_singular=\u00a0\u00bboff\u00a0\u00bb da_with_loader=\u00a0\u00bboff\u00a0\u00bb da_has_shadow=\u00a0\u00bbon\u00a0\u00bb][et_pb_row _builder_version=\u00a0\u00bb4.17.3&Prime; _module_preset=\u00a0\u00bbdefault\u00a0\u00bb custom_margin=\u00a0\u00bb||30px||false|false\u00a0\u00bb custom_padding=\u00a0\u00bb0px||0px||true|false\u00a0\u00bb border_width_bottom=\u00a0\u00bb1px\u00a0\u00bb border_color_bottom=\u00a0\u00bb#e5e9ec\u00a0\u00bb global_colors_info=\u00a0\u00bb{}\u00a0\u00bb][et_pb_column type=\u00a0\u00bb4_4&Prime; _builder_version=\u00a0\u00bb4.17.3&Prime; _module_preset=\u00a0\u00bbdefault\u00a0\u00bb global_colors_info=\u00a0\u00bb{}\u00a0\u00bb][et_pb_text _builder_version=\u00a0\u00bb4.17.3&Prime; header_font=\u00a0\u00bbSF-Pro-Text-Heavy|700|||||||\u00a0\u00bb header_text_color=\u00a0\u00bb#161c2d\u00a0\u00bb header_line_height=\u00a0\u00bb55px\u00a0\u00bb background_layout=\u00a0\u00bbdark\u00a0\u00bb custom_margin=\u00a0\u00bb0px||0px||false|false\u00a0\u00bb custom_margin_tablet=\u00a0\u00bb||||false|false\u00a0\u00bb custom_margin_phone=\u00a0\u00bb||10px||false|false\u00a0\u00bb custom_margin_last_edited=\u00a0\u00bbon|phone\u00a0\u00bb custom_padding=\u00a0\u00bb0px||0px||false|false\u00a0\u00bb header_text_align_tablet=\u00a0\u00bb\u00a0\u00bb header_text_align_phone=\u00a0\u00bbcenter\u00a0\u00bb header_text_align_last_edited=\u00a0\u00bbon|phone\u00a0\u00bb header_font_size_tablet=\u00a0\u00bb26px\u00a0\u00bb header_font_size_phone=\u00a0\u00bb20px\u00a0\u00bb header_font_size_last_edited=\u00a0\u00bbon|tablet\u00a0\u00bb locked=\u00a0\u00bboff\u00a0\u00bb global_colors_info=\u00a0\u00bb{}\u00a0\u00bb]<\/p>\n<h1>Articles les plus r\u00e9\u00e7ents<\/h1>\n<p>[\/et_pb_text][\/et_pb_column][\/et_pb_row][et_pb_row _builder_version=\u00a0\u00bb4.16&Prime; _module_preset=\u00a0\u00bbdefault\u00a0\u00bb global_colors_info=\u00a0\u00bb{}\u00a0\u00bb][et_pb_column type=\u00a0\u00bb4_4&Prime; _builder_version=\u00a0\u00bb4.16&Prime; _module_preset=\u00a0\u00bbdefault\u00a0\u00bb global_colors_info=\u00a0\u00bb{}\u00a0\u00bb][et_pb_blog fullwidth=\u00a0\u00bboff\u00a0\u00bb excerpt_length=\u00a0\u00bb60&Prime; show_more=\u00a0\u00bbon\u00a0\u00bb show_author=\u00a0\u00bboff\u00a0\u00bb show_date=\u00a0\u00bboff\u00a0\u00bb show_categories=\u00a0\u00bboff\u00a0\u00bb _builder_version=\u00a0\u00bb4.16&Prime; _module_preset=\u00a0\u00bbdefault\u00a0\u00bb header_font=\u00a0\u00bbSF pro text Bold||||||||\u00a0\u00bb header_text_color=\u00a0\u00bb#161c2d\u00a0\u00bb header_font_size=\u00a0\u00bb21px\u00a0\u00bb header_line_height=\u00a0\u00bb24px\u00a0\u00bb body_font=\u00a0\u00bbSF pro text Regular||||||||\u00a0\u00bb body_text_color=\u00a0\u00bb#667fa5&Prime; body_font_size=\u00a0\u00bb17px\u00a0\u00bb body_line_height=\u00a0\u00bb30px\u00a0\u00bb meta_font=\u00a0\u00bbSF pro text Regular||||||||\u00a0\u00bb meta_text_color=\u00a0\u00bb#667fa5&Prime; meta_font_size=\u00a0\u00bb12px\u00a0\u00bb read_more_font=\u00a0\u00bbSF pro text Regular||||on||||\u00a0\u00bb read_more_text_color=\u00a0\u00bb#4e6ef5&Prime; read_more_line_height=\u00a0\u00bb4em\u00a0\u00bb transform_translate_linked__hover=\u00a0\u00bboff\u00a0\u00bb border_radii=\u00a0\u00bbon|5px|5px|5px|5px\u00a0\u00bb border_color_all=\u00a0\u00bb#e8ecfc\u00a0\u00bb box_shadow_style=\u00a0\u00bbpreset1&Prime; box_shadow_vertical=\u00a0\u00bb1.5rem\u00a0\u00bb box_shadow_blur=\u00a0\u00bb4rem\u00a0\u00bb box_shadow_color=\u00a0\u00bbrgba(22,28,45,0.05)\u00a0\u00bb box_shadow_blur_last_edited=\u00a0\u00bboff|desktop\u00a0\u00bb global_colors_info=\u00a0\u00bb{}\u00a0\u00bb transform_styles__hover_enabled=\u00a0\u00bboff|desktop\u00a0\u00bb transform_scale__hover_enabled=\u00a0\u00bboff|desktop\u00a0\u00bb transform_translate__hover_enabled=\u00a0\u00bboff|desktop\u00a0\u00bb transform_rotate__hover_enabled=\u00a0\u00bboff|desktop\u00a0\u00bb transform_skew__hover_enabled=\u00a0\u00bboff|desktop\u00a0\u00bb transform_origin__hover_enabled=\u00a0\u00bboff|desktop\u00a0\u00bb box_shadow_vertical__hover_enabled=\u00a0\u00bbon|hover\u00a0\u00bb box_shadow_vertical__hover=\u00a0\u00bb2rem\u00a0\u00bb box_shadow_blur__hover_enabled=\u00a0\u00bbon|hover\u00a0\u00bb box_shadow_blur__hover=\u00a0\u00bb5rem\u00a0\u00bb box_shadow_color__hover_enabled=\u00a0\u00bbon|hover\u00a0\u00bb box_shadow_color__hover=\u00a0\u00bbrgba(22,28,45,0.1)\u00a0\u00bb transform_translate__hover=\u00a0\u00bb0px|-5px\u00a0\u00bb][\/et_pb_blog][\/et_pb_column][\/et_pb_row][\/et_pb_section]<\/p>\n","protected":false},"excerpt":{"rendered":"<p>BlogObtenez des astuces et des conseils pour am\u00e9liorer vos performances et garantir votre succ\u00e8s sur les march\u00e9s financiers.Articles les plus r\u00e9\u00e7ents<\/p>\n","protected":false},"author":53,"featured_media":0,"parent":0,"menu_order":0,"comment_status":"closed","ping_status":"closed","template":"","meta":{"_et_pb_use_builder":"on","_et_pb_old_content":"","_et_gb_content_width":"","inline_featured_image":false},"acf":[],"aioseo_notices":[],"yoast_head":"<!-- This site is optimized with the Yoast SEO plugin v19.13 - https:\/\/yoast.com\/wordpress\/plugins\/seo\/ -->\n<title>Blog | FixyTrade<\/title>\n<meta name=\"robots\" content=\"index, follow, max-snippet:-1, max-image-preview:large, max-video-preview:-1\" \/>\n<link rel=\"canonical\" href=\"https:\/\/fixytrade.com\/blog\/\" \/>\n<meta property=\"og:locale\" content=\"fr_FR\" \/>\n<meta property=\"og:type\" content=\"article\" \/>\n<meta property=\"og:title\" content=\"Blog | FixyTrade\" \/>\n<meta property=\"og:description\" content=\"BlogObtenez des astuces et des conseils pour am\u00e9liorer vos performances et garantir votre succ\u00e8s sur les march\u00e9s financiers.Articles les plus r\u00e9\u00e7ents\" \/>\n<meta property=\"og:url\" content=\"https:\/\/fixytrade.com\/blog\/\" \/>\n<meta property=\"og:site_name\" content=\"FixyTrade\" \/>\n<meta property=\"article:publisher\" content=\"https:\/\/www.facebook.com\/fixytrade\" \/>\n<meta property=\"article:modified_time\" content=\"2022-06-03T15:56:04+00:00\" \/>\n<meta name=\"twitter:card\" content=\"summary_large_image\" \/>\n<meta name=\"twitter:label1\" content=\"Dur\u00e9e de lecture estim\u00e9e\" \/>\n\t<meta name=\"twitter:data1\" content=\"5 minutes\" \/>\n<script type=\"application\/ld+json\" class=\"yoast-schema-graph\">{\"@context\":\"https:\/\/schema.org\",\"@graph\":[{\"@type\":\"WebPage\",\"@id\":\"https:\/\/fixytrade.com\/blog\/\",\"url\":\"https:\/\/fixytrade.com\/blog\/\",\"name\":\"Blog | FixyTrade\",\"isPartOf\":{\"@id\":\"https:\/\/fixytrade.com\/fr\/#website\"},\"datePublished\":\"2021-07-04T13:19:29+00:00\",\"dateModified\":\"2022-06-03T15:56:04+00:00\",\"breadcrumb\":{\"@id\":\"https:\/\/fixytrade.com\/blog\/#breadcrumb\"},\"inLanguage\":\"fr-FR\",\"potentialAction\":[{\"@type\":\"ReadAction\",\"target\":[\"https:\/\/fixytrade.com\/blog\/\"]}]},{\"@type\":\"BreadcrumbList\",\"@id\":\"https:\/\/fixytrade.com\/blog\/#breadcrumb\",\"itemListElement\":[{\"@type\":\"ListItem\",\"position\":1,\"name\":\"Accueil\",\"item\":\"https:\/\/fixytrade.com\/\"},{\"@type\":\"ListItem\",\"position\":2,\"name\":\"Blog\"}]},{\"@type\":\"WebSite\",\"@id\":\"https:\/\/fixytrade.com\/fr\/#website\",\"url\":\"https:\/\/fixytrade.com\/fr\/\",\"name\":\"FixyTrade\",\"description\":\"\",\"publisher\":{\"@id\":\"https:\/\/fixytrade.com\/fr\/#organization\"},\"potentialAction\":[{\"@type\":\"SearchAction\",\"target\":{\"@type\":\"EntryPoint\",\"urlTemplate\":\"https:\/\/fixytrade.com\/fr\/?s={search_term_string}\"},\"query-input\":\"required name=search_term_string\"}],\"inLanguage\":\"fr-FR\"},{\"@type\":\"Organization\",\"@id\":\"https:\/\/fixytrade.com\/fr\/#organization\",\"name\":\"FixyTrade\",\"url\":\"https:\/\/fixytrade.com\/fr\/\",\"logo\":{\"@type\":\"ImageObject\",\"inLanguage\":\"fr-FR\",\"@id\":\"https:\/\/fixytrade.com\/fr\/#\/schema\/logo\/image\/\",\"url\":\"https:\/\/fixytrade.com\/wp-content\/uploads\/2020\/10\/logo-fixytrade.png\",\"contentUrl\":\"https:\/\/fixytrade.com\/wp-content\/uploads\/2020\/10\/logo-fixytrade.png\",\"width\":1313,\"height\":256,\"caption\":\"FixyTrade\"},\"image\":{\"@id\":\"https:\/\/fixytrade.com\/fr\/#\/schema\/logo\/image\/\"},\"sameAs\":[\"https:\/\/www.youtube.com\/channel\/UC7Ivh4DHYvMuMKGQIIcPcfw\/\",\"https:\/\/www.facebook.com\/fixytrade\"]}]}<\/script>\n<!-- \/ Yoast SEO plugin. -->","yoast_head_json":{"title":"Blog | FixyTrade","robots":{"index":"index","follow":"follow","max-snippet":"max-snippet:-1","max-image-preview":"max-image-preview:large","max-video-preview":"max-video-preview:-1"},"canonical":"https:\/\/fixytrade.com\/blog\/","og_locale":"fr_FR","og_type":"article","og_title":"Blog | FixyTrade","og_description":"BlogObtenez des astuces et des conseils pour am\u00e9liorer vos performances et garantir votre succ\u00e8s sur les march\u00e9s financiers.Articles les plus r\u00e9\u00e7ents","og_url":"https:\/\/fixytrade.com\/blog\/","og_site_name":"FixyTrade","article_publisher":"https:\/\/www.facebook.com\/fixytrade","article_modified_time":"2022-06-03T15:56:04+00:00","twitter_card":"summary_large_image","twitter_misc":{"Dur\u00e9e de lecture estim\u00e9e":"5 minutes"},"schema":{"@context":"https:\/\/schema.org","@graph":[{"@type":"WebPage","@id":"https:\/\/fixytrade.com\/blog\/","url":"https:\/\/fixytrade.com\/blog\/","name":"Blog | FixyTrade","isPartOf":{"@id":"https:\/\/fixytrade.com\/fr\/#website"},"datePublished":"2021-07-04T13:19:29+00:00","dateModified":"2022-06-03T15:56:04+00:00","breadcrumb":{"@id":"https:\/\/fixytrade.com\/blog\/#breadcrumb"},"inLanguage":"fr-FR","potentialAction":[{"@type":"ReadAction","target":["https:\/\/fixytrade.com\/blog\/"]}]},{"@type":"BreadcrumbList","@id":"https:\/\/fixytrade.com\/blog\/#breadcrumb","itemListElement":[{"@type":"ListItem","position":1,"name":"Accueil","item":"https:\/\/fixytrade.com\/"},{"@type":"ListItem","position":2,"name":"Blog"}]},{"@type":"WebSite","@id":"https:\/\/fixytrade.com\/fr\/#website","url":"https:\/\/fixytrade.com\/fr\/","name":"FixyTrade","description":"","publisher":{"@id":"https:\/\/fixytrade.com\/fr\/#organization"},"potentialAction":[{"@type":"SearchAction","target":{"@type":"EntryPoint","urlTemplate":"https:\/\/fixytrade.com\/fr\/?s={search_term_string}"},"query-input":"required name=search_term_string"}],"inLanguage":"fr-FR"},{"@type":"Organization","@id":"https:\/\/fixytrade.com\/fr\/#organization","name":"FixyTrade","url":"https:\/\/fixytrade.com\/fr\/","logo":{"@type":"ImageObject","inLanguage":"fr-FR","@id":"https:\/\/fixytrade.com\/fr\/#\/schema\/logo\/image\/","url":"https:\/\/fixytrade.com\/wp-content\/uploads\/2020\/10\/logo-fixytrade.png","contentUrl":"https:\/\/fixytrade.com\/wp-content\/uploads\/2020\/10\/logo-fixytrade.png","width":1313,"height":256,"caption":"FixyTrade"},"image":{"@id":"https:\/\/fixytrade.com\/fr\/#\/schema\/logo\/image\/"},"sameAs":["https:\/\/www.youtube.com\/channel\/UC7Ivh4DHYvMuMKGQIIcPcfw\/","https:\/\/www.facebook.com\/fixytrade"]}]}},"_links":{"self":[{"href":"https:\/\/fixytrade.com\/fr\/wp-json\/wp\/v2\/pages\/3698"}],"collection":[{"href":"https:\/\/fixytrade.com\/fr\/wp-json\/wp\/v2\/pages"}],"about":[{"href":"https:\/\/fixytrade.com\/fr\/wp-json\/wp\/v2\/types\/page"}],"author":[{"embeddable":true,"href":"https:\/\/fixytrade.com\/fr\/wp-json\/wp\/v2\/users\/53"}],"replies":[{"embeddable":true,"href":"https:\/\/fixytrade.com\/fr\/wp-json\/wp\/v2\/comments?post=3698"}],"version-history":[{"count":19,"href":"https:\/\/fixytrade.com\/fr\/wp-json\/wp\/v2\/pages\/3698\/revisions"}],"predecessor-version":[{"id":240610,"href":"https:\/\/fixytrade.com\/fr\/wp-json\/wp\/v2\/pages\/3698\/revisions\/240610"}],"wp:attachment":[{"href":"https:\/\/fixytrade.com\/fr\/wp-json\/wp\/v2\/media?parent=3698"}],"curies":[{"name":"wp","href":"https:\/\/api.w.org\/{rel}","templated":true}]}}